{"id":1022,"date":"2020-05-05T02:43:15","date_gmt":"2020-05-05T02:43:15","guid":{"rendered":"http:\/\/backtoroots-b2r.com\/?page_id=1022"},"modified":"2020-09-13T09:59:54","modified_gmt":"2020-09-13T09:59:54","slug":"blog","status":"publish","type":"page","link":"http:\/\/backtoroots-b2r.com\/ar\/blog\/","title":{"rendered":"\u0623\u062e\u0628\u0627\u0631"},"content":{"rendered":"<div data-elementor-type=\"wp-page\" data-elementor-id=\"1022\" class=\"elementor elementor-1022\" data-elementor-settings=\"[]\">\n\t\t\t<div class=\"elementor-inner\">\n\t\t\t\t<div class=\"elementor-section-wrap\">\n\t\t\t\t\t\t\t<section class=\"elementor-element elementor-element-679b956d elementor-section-full_width elementor-section-height-default elementor-section-height-default elementor-section elementor-top-section\" data-id=\"679b956d\" data-element_type=\"section\">\n\t\t\t\t\t\t<div class=\"elementor-container elementor-column-gap-default\">\n\t\t\t\t<div class=\"elementor-row\">\n\t\t\t\t<div class=\"elementor-element elementor-element-34171eb7 elementor-column elementor-col-100 elementor-top-column\" data-id=\"34171eb7\" data-element_type=\"column\">\n\t\t\t<div class=\"elementor-column-wrap  elementor-element-populated\">\n\t\t\t\t\t<div class=\"elementor-widget-wrap\">\n\t\t\t\t<div class=\"elementor-element elementor-element-64a7e10 elementor-widget elementor-widget-heading\" data-id=\"64a7e10\" data-element_type=\"widget\" data-widget_type=\"heading.default\">\n\t\t\t\t<div class=\"elementor-widget-container\">\n\t\t\t<h2 class=\"elementor-heading-title elementor-size-default\">\u0623\u062e\u0628\u0627\u0631<\/h2>\t\t<\/div>\n\t\t\t\t<\/div>\n\t\t\t\t<div class=\"elementor-element elementor-element-3e16fd3d raven-button-align-right elementor-widget elementor-widget-raven-posts\" data-id=\"3e16fd3d\" data-element_type=\"widget\" data-settings=\"{&quot;classic_show_pagination&quot;:&quot;yes&quot;,&quot;classic_pagination_type&quot;:&quot;infinite_load&quot;,&quot;_skin&quot;:&quot;classic&quot;,&quot;classic_layout&quot;:&quot;grid&quot;,&quot;classic_columns&quot;:&quot;3&quot;,&quot;classic_columns_tablet&quot;:&quot;2&quot;,&quot;classic_columns_mobile&quot;:&quot;1&quot;,&quot;query_posts_per_page&quot;:6,&quot;query_offset&quot;:0}\" data-widget_type=\"raven-posts.classic\">\n\t\t\t\t<div class=\"elementor-widget-container\">\n\t\t\t\t\t<div class=\"raven-posts raven-grid raven-grid-3 raven-grid-tablet-2 raven-grid-mobile-1\" data-post-id=\"1022\" data-archive-query=\"\">\n\t\t\t\t<div class=\"raven-grid-item raven-post-item post-3142 post type-post status-publish format-standard has-post-thumbnail hentry category-uncategorized\">\n\t\t\t<div class=\"raven-post\">\n\t\t\t\t\t\t<div class=\"raven-post-image-wrap\">\n\t\t\t<a class=\"raven-post-image raven-image-fit\" href=\"http:\/\/backtoroots-b2r.com\/ar\/b2r-respicure-tutoriel-dutilisation\/\"><img width=\"1024\" height=\"578\" src=\"http:\/\/backtoroots-b2r.com\/wp-content\/uploads\/2021\/03\/Capture-tuto-1024x578.png\" class=\"attachment-large size-large\" alt=\"\" loading=\"lazy\" srcset=\"http:\/\/backtoroots-b2r.com\/wp-content\/uploads\/2021\/03\/Capture-tuto-1024x578.png 1024w, http:\/\/backtoroots-b2r.com\/wp-content\/uploads\/2021\/03\/Capture-tuto-300x169.png 300w, http:\/\/backtoroots-b2r.com\/wp-content\/uploads\/2021\/03\/Capture-tuto-768x433.png 768w, http:\/\/backtoroots-b2r.com\/wp-content\/uploads\/2021\/03\/Capture-tuto-600x339.png 600w, http:\/\/backtoroots-b2r.com\/wp-content\/uploads\/2021\/03\/Capture-tuto.png 1063w\" sizes=\"(max-width: 1024px) 100vw, 1024px\" \/> <span class=\"raven-post-image-overlay\"><\/span><\/a>\t\t<\/div>\n\t\t\t\t\t\t<div class=\"raven-post-content\">\n\t\t\t\t\t<h3 class=\"raven-post-title\"><a class=\"raven-post-title-link\" href=\"http:\/\/backtoroots-b2r.com\/ar\/b2r-respicure-tutoriel-dutilisation\/\">B2R \u0631\u0633\u0628\u064a\u0643\u064a\u0648\u0631 \u0643\u064a\u0641\u064a\u0629 \u0627\u0644\u0625\u0633\u062a\u0639\u0645\u0627\u0644<\/a><\/h3>\t\t<div class=\"raven-post-excerpt\">\u0625\u0643\u062a\u0634\u0641\u0648\u0627  \u062e\u0644\u0627\u0644 \u0647\u0630\u0627 \u0627\u0644\u0641\u064a\u062f\u064a\u0648  \u0643\u064a\u0641\u064a\u0629 \u0627\u0633\u062a\u062e\u062f\u0627\u0645 \u0627\u0644\u0645\u0646\u062a\u0648\u062c \u0631\u0633\u0628\u064a\u0643\u064a\u0648\u0631 \u0627\u0644\u0630\u064a \u0647\u0648 \u0639\u0628\u0627\u0631\u0629 \u0639\u0646 \u0645\u062d\u0644\u0648\u0644 \u0645\u0643\u0648\u0646 \u0645\u0646 \u0645\u0633\u062a\u062e\u0644\u0635\u0627\u062a \u0637\u0628\u064a\u0639\u064a\u0629 \u0644\u0644\u0627\u0633\u062a\u0646\u0634\u0627\u0642. \u062a\u062d\u062a\u0648\u064a \u0627\u0644\u0639\u0644\u0628\u0629 \u0639\u0644\u0649 \u062c\u0631\u0639\u0627\u062a \u0645\u062a\u0643\u0648\u0646\u0629 \u0645\u0646 \u0631\u064a\u0633\u0641\u064a\u0631\u0627\u062a\u0631\u0648\u0644 \u0648\u0643\u064a\u0631\u0633\u064a\u062a\u064a\u0646. \u064a\u0642\u062a\u0631\u062d \u0631\u0633\u0628\u064a\u0643\u0648\u0631 \u0644\u0644\u0623\u0634\u062e\u0627\u0635 \u0627\u0644\u0645\u0635\u0627\u0628\u064a\u0646 \u0628\u0623\u0639\u0631\u0627\u0636 \u0627\u0644\u0631\u0628\u0648\u060c \u0627\u0644\u0625\u0646\u0633\u062f\u0627\u062f \u0627\u0644\u0631\u0626\u0648\u064a \u0627\u0644\u0645\u0632\u0645\u0646 \u0648 \u0627\u0644\u0643\u0648\u0641\u064a\u062f 19.<\/div>\n\t\t\t\t<div class=\"raven-post-read-more\">\n\t\t\t<a class=\"raven-post-button\" href=\"http:\/\/backtoroots-b2r.com\/ar\/b2r-respicure-tutoriel-dutilisation\/\"><span class=\"raven-post-button-text\">\u0627\u0642\u0631\u0623 \u0627\u0644\u0645\u0642\u0627\u0644<\/span><\/a>\n\t\t<\/div>\n\t\t\t\t\t\t<\/div>\n\t\t\t<\/div>\n\t\t<\/div>\n\t\t\t\t<div class=\"raven-grid-item raven-post-item post-3124 post type-post status-publish format-standard has-post-thumbnail hentry category-uncategorized\">\n\t\t\t<div class=\"raven-post\">\n\t\t\t\t\t\t<div class=\"raven-post-image-wrap\">\n\t\t\t<a class=\"raven-post-image raven-image-fit\" href=\"http:\/\/backtoroots-b2r.com\/ar\/beker-phyto-protocole-covid-19-interview-esseha-part-2\/\"><img width=\"1024\" height=\"558\" src=\"http:\/\/backtoroots-b2r.com\/wp-content\/uploads\/2021\/03\/Capture-Bendali-Essaha-1024x558.png\" class=\"attachment-large size-large\" alt=\"\" loading=\"lazy\" srcset=\"http:\/\/backtoroots-b2r.com\/wp-content\/uploads\/2021\/03\/Capture-Bendali-Essaha-1024x558.png 1024w, http:\/\/backtoroots-b2r.com\/wp-content\/uploads\/2021\/03\/Capture-Bendali-Essaha-300x164.png 300w, http:\/\/backtoroots-b2r.com\/wp-content\/uploads\/2021\/03\/Capture-Bendali-Essaha-768x419.png 768w, http:\/\/backtoroots-b2r.com\/wp-content\/uploads\/2021\/03\/Capture-Bendali-Essaha-600x327.png 600w, http:\/\/backtoroots-b2r.com\/wp-content\/uploads\/2021\/03\/Capture-Bendali-Essaha.png 1071w\" sizes=\"(max-width: 1024px) 100vw, 1024px\" \/> <span class=\"raven-post-image-overlay\"><\/span><\/a>\t\t<\/div>\n\t\t\t\t\t\t<div class=\"raven-post-content\">\n\t\t\t\t\t<h3 class=\"raven-post-title\"><a class=\"raven-post-title-link\" href=\"http:\/\/backtoroots-b2r.com\/ar\/beker-phyto-protocole-covid-19-interview-esseha-part-2\/\">BEKER \u0641\u064a\u062a\u0648 \u0628\u0631\u0648\u062a\u0648\u0643\u0648\u0644 \u0643\u0648\u0641\u064a\u062f 19| \u062d\u0648\u0627\u0631 ESSAHA \u062c\u0632\u0621 2<\/a><\/h3>\t\t<div class=\"raven-post-excerpt\">\u0627\u0644\u0633\u064a\u062f \u0631\u064a\u0627\u0636 \u0628\u0646\u062f\u0627\u0644\u064a \u060c \u0645\u062f\u064a\u0631 \u0641\u0631\u0639 \u0627\u0644\u0645\u0643\u0645\u0644\u0627\u062a \u0627\u0644\u063a\u0630\u0627\u0626\u064a\u0629 \u0641\u064a \u0645\u062e\u0627\u0628\u0631 \u0628\u064a\u0643\u0631 \u060c \u064a\u0642\u062f\u0645 \u0639\u0628\u0631 \u0645\u064a\u0643\u0631\u0648\u0641\u0648\u0646 \u0627\u0644\u0635\u062d\u0629 \u062a\u0641\u0627\u0635\u064a\u0644 \u062d\u0648\u0644 \u0627\u0644\u0645\u0646\u062a\u0648\u062c B2R \u0631\u0633\u0628\u064a\u0643\u064a\u0648\u0631. \u0627\u0628\u062a\u0643\u0627\u0631 \u0645\u062e\u0628\u0631100% \u062c\u0632\u0627\u0626\u0631\u064a \u0627\u0644\u0630\u064a \u0642\u0627\u0645 \u0628\u062a\u0633\u0648\u064a\u0642 \u0645\u0646\u062a\u0648\u062c \u064a\u0645\u0643\u0646 \u0623\u0646 \u064a\u0633\u0627\u0639\u062f \u0627\u0644\u0645\u0631\u0636\u0649<\/div>\n\t\t\t\t<div class=\"raven-post-read-more\">\n\t\t\t<a class=\"raven-post-button\" href=\"http:\/\/backtoroots-b2r.com\/ar\/beker-phyto-protocole-covid-19-interview-esseha-part-2\/\"><span class=\"raven-post-button-text\">\u0627\u0642\u0631\u0623 \u0627\u0644\u0645\u0642\u0627\u0644<\/span><\/a>\n\t\t<\/div>\n\t\t\t\t\t\t<\/div>\n\t\t\t<\/div>\n\t\t<\/div>\n\t\t\t\t<div class=\"raven-grid-item raven-post-item post-3113 post type-post status-publish format-standard has-post-thumbnail hentry category-uncategorized\">\n\t\t\t<div class=\"raven-post\">\n\t\t\t\t\t\t<div class=\"raven-post-image-wrap\">\n\t\t\t<a class=\"raven-post-image raven-image-fit\" href=\"http:\/\/backtoroots-b2r.com\/ar\/beker-phyto-protocole-covid-19-interview-essaha\/\"><img width=\"1024\" height=\"557\" src=\"http:\/\/backtoroots-b2r.com\/wp-content\/uploads\/2021\/03\/Capture-Essaha-ismahane-1024x557.png\" class=\"attachment-large size-large\" alt=\"\" loading=\"lazy\" srcset=\"http:\/\/backtoroots-b2r.com\/wp-content\/uploads\/2021\/03\/Capture-Essaha-ismahane-1024x557.png 1024w, http:\/\/backtoroots-b2r.com\/wp-content\/uploads\/2021\/03\/Capture-Essaha-ismahane-300x163.png 300w, http:\/\/backtoroots-b2r.com\/wp-content\/uploads\/2021\/03\/Capture-Essaha-ismahane-768x418.png 768w, http:\/\/backtoroots-b2r.com\/wp-content\/uploads\/2021\/03\/Capture-Essaha-ismahane-600x326.png 600w, http:\/\/backtoroots-b2r.com\/wp-content\/uploads\/2021\/03\/Capture-Essaha-ismahane.png 1072w\" sizes=\"(max-width: 1024px) 100vw, 1024px\" \/> <span class=\"raven-post-image-overlay\"><\/span><\/a>\t\t<\/div>\n\t\t\t\t\t\t<div class=\"raven-post-content\">\n\t\t\t\t\t<h3 class=\"raven-post-title\"><a class=\"raven-post-title-link\" href=\"http:\/\/backtoroots-b2r.com\/ar\/beker-phyto-protocole-covid-19-interview-essaha\/\">BEKER \u0641\u064a\u062a\u0648 \u0628\u0631\u0648\u062a\u0648\u0643\u0648\u0644 \u0643\u0648\u0641\u064a\u062f 19| \u062d\u0648\u0627\u0631 ESSAHA \u062c\u0632\u0621 1<\/a><\/h3>\t\t<div class=\"raven-post-excerpt\">\u0639\u0644\u0649 \u0647\u0627\u0645\u0634 \u0627\u0644\u0645\u0624\u062a\u0645\u0631 \u0627\u0644\u0635\u062d\u0641\u064a \u0627\u0644\u0645\u062a\u0639\u0644\u0642 \u0628\u0625\u0637\u0644\u0627\u0642 \u0641\u064a\u062a\u0648 \u0628\u0631\u0648\u062a\u0648\u0643\u0648\u0644 \u0643\u0648\u0641\u064a\u062f 19. \u062a\u062d\u062f\u062f \u0627\u0644\u0633\u064a\u062f\u0629 \u0623\u0633\u0645\u0647\u0627\u0646 \u0645\u0639\u0627\u0648\u064a \u060c \u0645\u062f\u064a\u0631\u0629 \u062a\u0637\u0648\u064a\u0631 \u0627\u0644\u0623\u0639\u0645\u0627\u0644 \u0648\u0625\u062f\u0627\u0631\u0629 \u0627\u0644\u0645\u0634\u0627\u0631\u064a\u0639 \u0641\u064a \u0645\u062e\u0627\u0628\u0631 \u0628\u064a\u0643\u0631 \u060c \u0645\u0627 \u0647\u0648 \" \u0641\u064a\u062a\u0648 \u0628\u0631\u0648\u062a\u0648\u0643\u0648\u0644 \u0643\u0648\u0641\u064a\u062f 19\" \u0648\u0645\u0646 \u062e\u0644\u0627\u0644\u0647 \u0648\u0635\u0641\u062a \u0627\u0644\u0645\u0646\u062a\u062c\u0627\u062a \u0627\u0644\u0646\u0627\u062a\u062c\u0629 \u0627\u0644\u062a\u064a \u062a\u0633\u0627\u0639\u062f \u0639\u0644\u0649 \u062a\u0642\u0648\u064a\u0629 \u062c\u0647\u0627\u0632 \u0627\u0644\u0645\u0646\u0627\u0639\u0629.<\/div>\n\t\t\t\t<div class=\"raven-post-read-more\">\n\t\t\t<a class=\"raven-post-button\" href=\"http:\/\/backtoroots-b2r.com\/ar\/beker-phyto-protocole-covid-19-interview-essaha\/\"><span class=\"raven-post-button-text\">\u0627\u0642\u0631\u0623 \u0627\u0644\u0645\u0642\u0627\u0644<\/span><\/a>\n\t\t<\/div>\n\t\t\t\t\t\t<\/div>\n\t\t\t<\/div>\n\t\t<\/div>\n\t\t\t\t<div class=\"raven-grid-item raven-post-item post-3100 post type-post status-publish format-standard has-post-thumbnail hentry category-uncategorized\">\n\t\t\t<div class=\"raven-post\">\n\t\t\t\t\t\t<div class=\"raven-post-image-wrap\">\n\t\t\t<a class=\"raven-post-image raven-image-fit\" href=\"http:\/\/backtoroots-b2r.com\/ar\/lancement-b2r-respicure-passage-ennahar-tv\/\"><img width=\"1024\" height=\"568\" src=\"http:\/\/backtoroots-b2r.com\/wp-content\/uploads\/2021\/03\/Capture-Ismahane-Benbitour-Ennahar-TV-1024x568.png\" class=\"attachment-large size-large\" alt=\"\" loading=\"lazy\" srcset=\"http:\/\/backtoroots-b2r.com\/wp-content\/uploads\/2021\/03\/Capture-Ismahane-Benbitour-Ennahar-TV-1024x568.png 1024w, http:\/\/backtoroots-b2r.com\/wp-content\/uploads\/2021\/03\/Capture-Ismahane-Benbitour-Ennahar-TV-300x167.png 300w, http:\/\/backtoroots-b2r.com\/wp-content\/uploads\/2021\/03\/Capture-Ismahane-Benbitour-Ennahar-TV-768x426.png 768w, http:\/\/backtoroots-b2r.com\/wp-content\/uploads\/2021\/03\/Capture-Ismahane-Benbitour-Ennahar-TV-600x333.png 600w, http:\/\/backtoroots-b2r.com\/wp-content\/uploads\/2021\/03\/Capture-Ismahane-Benbitour-Ennahar-TV.png 1070w\" sizes=\"(max-width: 1024px) 100vw, 1024px\" \/> <span class=\"raven-post-image-overlay\"><\/span><\/a>\t\t<\/div>\n\t\t\t\t\t\t<div class=\"raven-post-content\">\n\t\t\t\t\t<h3 class=\"raven-post-title\"><a class=\"raven-post-title-link\" href=\"http:\/\/backtoroots-b2r.com\/ar\/lancement-b2r-respicure-passage-ennahar-tv\/\">\u0625\u0637\u0644\u0627\u0642  \u0631\u0633\u0628\u064a\u0643\u064a\u0648\u0631 | \u0642\u0646\u0627\u0629 \u0627\u0644\u0646\u0647\u0627\u0631 \u0627\u0644\u0641\u0636\u0627\u0626\u064a\u0629<\/a><\/h3>\t\t<div class=\"raven-post-excerpt\">\u0641\u064a \u062d\u0648\u0627\u0631 \u062a\u0644\u0641\u0632\u064a\u0648\u0646\u064a \u0639\u0628\u0631 \u0642\u0646\u0627\u0629 \u0627\u0644\u0646\u0647\u0627\u0631\u060c \u062a\u0639\u0644\u0646 \u0645\u062f\u064a\u0631\u0629 \u0642\u0633\u0645 \u062a\u0637\u0648\u064a\u0631 \u0627\u0644\u0623\u0639\u0645\u0627\u0644 \u0648 \u062a\u0633\u064a\u064a\u0631 \u0627\u0644\u0645\u0634\u0627\u0631\u064a\u0639 \u0628\u0645\u062e\u0627\u0628\u0631 \u0628\u064a\u0643\u0631\u060c \u0627\u0644\u0633\u064a\u062f\u0629  - \u0627\u0633\u0645\u0647\u0627\u0646 \u0645\u0639\u0627\u0648\u064a - \u0639\u0646 \u0622\u062e\u0631\u0645\u0643\u0645\u0644 \u063a\u0630\u0627\u0626\u064a \u062a\u0645 \u0625\u0637\u0644\u0627\u0642\u0647 \u0644\u062a\u0633\u0647\u064a\u0644 \u0639\u0645\u0644\u064a\u0629 \u0627\u0644\u062a\u0646\u0641\u0633<\/div>\n\t\t\t\t<div class=\"raven-post-read-more\">\n\t\t\t<a class=\"raven-post-button\" href=\"http:\/\/backtoroots-b2r.com\/ar\/lancement-b2r-respicure-passage-ennahar-tv\/\"><span class=\"raven-post-button-text\">\u0627\u0642\u0631\u0623 \u0627\u0644\u0645\u0642\u0627\u0644<\/span><\/a>\n\t\t<\/div>\n\t\t\t\t\t\t<\/div>\n\t\t\t<\/div>\n\t\t<\/div>\n\t\t\t\t<div class=\"raven-grid-item raven-post-item post-3094 post type-post status-publish format-standard has-post-thumbnail hentry category-uncategorized\">\n\t\t\t<div class=\"raven-post\">\n\t\t\t\t\t\t<div class=\"raven-post-image-wrap\">\n\t\t\t<a class=\"raven-post-image raven-image-fit\" href=\"http:\/\/backtoroots-b2r.com\/ar\/lancement-b2r-respicure-passage-jow-radio\/\"><img width=\"1024\" height=\"452\" src=\"http:\/\/backtoroots-b2r.com\/wp-content\/uploads\/2021\/03\/Capture-Riad-Jow-e1614609757940-1024x452.png\" class=\"attachment-large size-large\" alt=\"\" loading=\"lazy\" srcset=\"http:\/\/backtoroots-b2r.com\/wp-content\/uploads\/2021\/03\/Capture-Riad-Jow-e1614609757940-1024x452.png 1024w, http:\/\/backtoroots-b2r.com\/wp-content\/uploads\/2021\/03\/Capture-Riad-Jow-e1614609757940-768x339.png 768w\" sizes=\"(max-width: 1024px) 100vw, 1024px\" \/> <span class=\"raven-post-image-overlay\"><\/span><\/a>\t\t<\/div>\n\t\t\t\t\t\t<div class=\"raven-post-content\">\n\t\t\t\t\t<h3 class=\"raven-post-title\"><a class=\"raven-post-title-link\" href=\"http:\/\/backtoroots-b2r.com\/ar\/lancement-b2r-respicure-passage-jow-radio\/\">\u0625\u0637\u0644\u0627\u0642  \u0631\u0633\u0628\u064a\u0643\u064a\u0648\u0631 | \u0645\u062d\u0637\u0629 \u062c\u0648 \u0631\u0627\u062f\u064a\u0648<\/a><\/h3>\t\t<div class=\"raven-post-excerpt\">\u0625\u0644\u064a\u0643\u0645 \u0645\u0642\u0637\u0639 \u0644\u062a\u062f\u062e\u0644  \u0621 \u0631\u064a\u0627\u0636 \u0628\u0646 \u062f\u0627\u0644\u064a \u0621 \u060c [\u0645\u062f\u064a\u0631 \u0627\u0644\u062a\u0633\u0648\u064a\u0642 \u0644 \"\u0627\u0644\u0639\u0648\u062f\u0629 \u0625\u0644\u0649 \u0627\u0644\u062c\u0630\u0648\u0631\" \u0627\u0644\u062a\u0627\u0628\u0639\u0629 \u0644\u0645\u062e\u0627\u0628\u0631 \u0628\u064a\u0643\u0631] \u0639\u0628\u0631 \u0645\u062d\u0637\u0629 \u062c\u0648 \u0631\u0627\u062f\u064a\u0648 \u0627\u0644\u0631\u0642\u0645\u064a\u0629 \u0623\u064a\u0646 \u064a\u0639\u0637\u064a \u062a\u0641\u0627\u0635\u064a\u0644 \u062d\u0648\u0644 \u0622\u062e\u0631 \u0645\u0643\u0645\u0644 \u063a\u0630\u0627\u0626\u064a \u0627\u0644\u0630\u064a \u062a\u0645 \u0625\u0637\u0644\u0627\u0642\u0647  \u0628\u063a\u0631\u0636 \u0627\u0644\u062a\u062e\u0641\u064a\u0641 \u062d\u0648\u0644 \u0627\u0644\u0623\u0636\u0631\u0627\u0631 \u0627\u0644\u062a\u0646\u0641\u0633\u064a\u0629<\/div>\n\t\t\t\t<div class=\"raven-post-read-more\">\n\t\t\t<a class=\"raven-post-button\" href=\"http:\/\/backtoroots-b2r.com\/ar\/lancement-b2r-respicure-passage-jow-radio\/\"><span class=\"raven-post-button-text\">\u0627\u0642\u0631\u0623 \u0627\u0644\u0645\u0642\u0627\u0644<\/span><\/a>\n\t\t<\/div>\n\t\t\t\t\t\t<\/div>\n\t\t\t<\/div>\n\t\t<\/div>\n\t\t\t\t<div class=\"raven-grid-item raven-post-item post-3062 post type-post status-publish format-standard has-post-thumbnail hentry category-uncategorized\">\n\t\t\t<div class=\"raven-post\">\n\t\t\t\t\t\t<div class=\"raven-post-image-wrap\">\n\t\t\t<a class=\"raven-post-image raven-image-fit\" href=\"http:\/\/backtoroots-b2r.com\/ar\/lancement-du-beker-phyto-protocole-covid-19\/\"><img width=\"1024\" height=\"568\" src=\"http:\/\/backtoroots-b2r.com\/wp-content\/uploads\/2021\/03\/Capture-Showreel-1024x568.png\" class=\"attachment-large size-large\" alt=\"\" loading=\"lazy\" srcset=\"http:\/\/backtoroots-b2r.com\/wp-content\/uploads\/2021\/03\/Capture-Showreel-1024x568.png 1024w, http:\/\/backtoroots-b2r.com\/wp-content\/uploads\/2021\/03\/Capture-Showreel-300x166.png 300w, http:\/\/backtoroots-b2r.com\/wp-content\/uploads\/2021\/03\/Capture-Showreel-768x426.png 768w, http:\/\/backtoroots-b2r.com\/wp-content\/uploads\/2021\/03\/Capture-Showreel-600x333.png 600w, http:\/\/backtoroots-b2r.com\/wp-content\/uploads\/2021\/03\/Capture-Showreel.png 1062w\" sizes=\"(max-width: 1024px) 100vw, 1024px\" \/> <span class=\"raven-post-image-overlay\"><\/span><\/a>\t\t<\/div>\n\t\t\t\t\t\t<div class=\"raven-post-content\">\n\t\t\t\t\t<h3 class=\"raven-post-title\"><a class=\"raven-post-title-link\" href=\"http:\/\/backtoroots-b2r.com\/ar\/lancement-du-beker-phyto-protocole-covid-19\/\">\u0625\u0637\u0644\u0627\u0642 \u0628\u064a\u0643\u0631 \u0641\u064a\u062a\u0648 \u0628\u0631\u0648\u062a\u0648\u0643\u0648\u0644 \u0643\u0648\u0641\u064a\u062f 19<\/a><\/h3>\t\t<div class=\"raven-post-excerpt\">\u0645\u0624\u062a\u0645\u0631 \u0635\u062d\u0641\u064a \u0628\u0645\u0646\u0627\u0633\u0628\u0629 \u0625\u0637\u0644\u0627\u0642 \u0628\u064a\u0643\u0631 \u0641\u064a\u062a\u0648 \u0628\u0631\u0648\u062a\u0648\u0643\u0648\u0644 \u0643\u0648\u0641\u064a\u062f 19 \u0628\u062d\u0636\u0648\u0631 \u0627\u0644\u0635\u062d\u0627\u0641\u0629. \u0627\u0643\u062a\u0634\u0641\u0648\u0627 \u0627\u0644\u0646\u0642\u0627\u0637 \u0627\u0644\u0628\u0627\u0631\u0632\u0629 \u0641\u064a \u0647\u0630\u0627 \u0627\u0644\u062d\u062f\u062b.  \u0628\u064a\u0643\u0631 \u0641\u064a\u062a\u0648 \u0628\u0631\u0648\u062a\u0648\u0643\u0648\u0644 \u0643\u0648\u0641\u064a\u062f 19 \u0639\u0628\u0627\u0631\u0629 \u0639\u0646 \u0645\u062c\u0645\u0648\u0639\u0629 \u0645\u0646 \u0627\u0644\u0645\u0646\u062a\u062c\u0627\u062a \u0645\u0646<\/div>\n\t\t\t\t<div class=\"raven-post-read-more\">\n\t\t\t<a class=\"raven-post-button\" href=\"http:\/\/backtoroots-b2r.com\/ar\/lancement-du-beker-phyto-protocole-covid-19\/\"><span class=\"raven-post-button-text\">\u0627\u0642\u0631\u0623 \u0627\u0644\u0645\u0642\u0627\u0644<\/span><\/a>\n\t\t<\/div>\n\t\t\t\t\t\t<\/div>\n\t\t\t<\/div>\n\t\t<\/div>\n\t\t\t\t<\/div>\n\t\t\t\t<\/div>\n\t\t\t\t<\/div>\n\t\t\t\t\t\t<\/div>\n\t\t\t<\/div>\n\t\t<\/div>\n\t\t\t\t\t\t<\/div>\n\t\t\t<\/div>\n\t\t<\/section>\n\t\t\t\t\t\t<\/div>\n\t\t\t<\/div>\n\t\t<\/div>","protected":false},"excerpt":{"rendered":"<p>ACTUALIT\u00c9 Hygi\u00e8ne de vie: Etre bien dans son corps pour \u00eatre bien dans son esprit Avoir une bonne hygi\u00e8ne de vie, un d\u00e9fi qui sur le papier parait simple, mais qui en v\u00e9rit\u00e9&nbsp; s\u2019av\u00e8re de taille. Manger mieux en mangeant moins de sucre et moins de sel, bouger mieux en faisant une activit\u00e9 physique. Lire [&hellip;]<\/p>","protected":false},"author":1,"featured_media":0,"parent":0,"menu_order":0,"comment_status":"closed","ping_status":"closed","template":"elementor_header_footer","meta":[],"_links":{"self":[{"href":"http:\/\/backtoroots-b2r.com\/ar\/wp-json\/wp\/v2\/pages\/1022"}],"collection":[{"href":"http:\/\/backtoroots-b2r.com\/ar\/wp-json\/wp\/v2\/pages"}],"about":[{"href":"http:\/\/backtoroots-b2r.com\/ar\/wp-json\/wp\/v2\/types\/page"}],"author":[{"embeddable":true,"href":"http:\/\/backtoroots-b2r.com\/ar\/wp-json\/wp\/v2\/users\/1"}],"replies":[{"embeddable":true,"href":"http:\/\/backtoroots-b2r.com\/ar\/wp-json\/wp\/v2\/comments?post=1022"}],"version-history":[{"count":14,"href":"http:\/\/backtoroots-b2r.com\/ar\/wp-json\/wp\/v2\/pages\/1022\/revisions"}],"predecessor-version":[{"id":2051,"href":"http:\/\/backtoroots-b2r.com\/ar\/wp-json\/wp\/v2\/pages\/1022\/revisions\/2051"}],"wp:attachment":[{"href":"http:\/\/backtoroots-b2r.com\/ar\/wp-json\/wp\/v2\/media?parent=1022"}],"curies":[{"name":"wp","href":"https:\/\/api.w.org\/{rel}","templated":true}]}}