{"id":619,"date":"2020-04-21T12:30:25","date_gmt":"2020-04-21T12:30:25","guid":{"rendered":"http:\/\/backtoroots-b2r.com\/?page_id=619"},"modified":"2020-10-08T11:27:20","modified_gmt":"2020-10-08T11:27:20","slug":"contact","status":"publish","type":"page","link":"http:\/\/backtoroots-b2r.com\/ar\/contact\/","title":{"rendered":"contact"},"content":{"rendered":"<div data-elementor-type=\"wp-page\" data-elementor-id=\"619\" class=\"elementor elementor-619\" data-elementor-settings=\"[]\">\n\t\t\t<div class=\"elementor-inner\">\n\t\t\t\t<div class=\"elementor-section-wrap\">\n\t\t\t\t\t\t\t<section class=\"elementor-element elementor-element-fde154d elementor-section-boxed elementor-section-height-default elementor-section-height-default elementor-section elementor-top-section\" data-id=\"fde154d\" data-element_type=\"section\">\n\t\t\t\t\t\t<div class=\"elementor-container elementor-column-gap-default\">\n\t\t\t\t<div class=\"elementor-row\">\n\t\t\t\t<div class=\"elementor-element elementor-element-f201776 elementor-column elementor-col-100 elementor-top-column\" data-id=\"f201776\" data-element_type=\"column\">\n\t\t\t<div class=\"elementor-column-wrap  elementor-element-populated\">\n\t\t\t\t\t<div class=\"elementor-widget-wrap\">\n\t\t\t\t<div class=\"elementor-element elementor-element-96d9270 animated-slow elementor-invisible elementor-widget elementor-widget-heading\" data-id=\"96d9270\" data-element_type=\"widget\" data-settings=\"{&quot;_animation&quot;:&quot;fadeInUp&quot;}\" data-widget_type=\"heading.default\">\n\t\t\t\t<div class=\"elementor-widget-container\">\n\t\t\t<h2 class=\"elementor-heading-title elementor-size-default\">\u0625\u062a\u0635\u0644\u0648\u0627 \u0628\u0646\u0627<\/h2>\t\t<\/div>\n\t\t\t\t<\/div>\n\t\t\t\t<div class=\"elementor-element elementor-element-355d59e animated-slow elementor-invisible elementor-widget elementor-widget-text-editor\" data-id=\"355d59e\" data-element_type=\"widget\" data-settings=\"{&quot;_animation&quot;:&quot;fadeInUp&quot;,&quot;_animation_delay&quot;:200}\" data-widget_type=\"text-editor.default\">\n\t\t\t\t<div class=\"elementor-widget-container\">\n\t\t\t\t\t<div class=\"elementor-text-editor elementor-clearfix\"><p>\u0644\u0623\u064a \u0637\u0644\u0628 \u0623\u0648 \u0633\u0624\u0627\u0644\u060c \u0644\u0627 \u062a\u062a\u0631\u062f\u0648\u0627 \u0641\u064a \u0627\u0644\u0625\u062a\u0635\u0627\u0644<\/p><p>\u0628\u0646\u0627 \u0639\u0628\u0631 \u0645\u0648\u0627\u0642\u0639\u0646\u0627 \u0627\u0644\u0625\u062c\u062a\u0645\u0627\u0639\u064a\u0629<\/p><\/div>\n\t\t\t\t<\/div>\n\t\t\t\t<\/div>\n\t\t\t\t<div class=\"elementor-element elementor-element-4c3830d animated-slow elementor-invisible elementor-widget elementor-widget-text-editor\" data-id=\"4c3830d\" data-element_type=\"widget\" data-settings=\"{&quot;_animation&quot;:&quot;fadeInUp&quot;,&quot;_animation_delay&quot;:400}\" data-widget_type=\"text-editor.default\">\n\t\t\t\t<div class=\"elementor-widget-container\">\n\t\t\t\t\t<div class=\"elementor-text-editor elementor-clearfix\"><img loading=\"lazy\" class=\"alignnone size-full wp-image-630\" src=\"http:\/\/backtoroots-b2r.com\/wp-content\/uploads\/2020\/04\/fbct.svg\" alt=\"\" width=\"60\" height=\"60\" \/> <img loading=\"lazy\" class=\"alignnone size-full wp-image-631\" style=\"margin-left:25px\" src=\"http:\/\/backtoroots-b2r.com\/wp-content\/uploads\/2020\/04\/instact.svg\" alt=\"\" width=\"60\" height=\"60\" \/><\/a><\/div>\n\t\t\t\t<\/div>\n\t\t\t\t<\/div>\n\t\t\t\t<div class=\"elementor-element elementor-element-3f6c62a elementor-invisible elementor-widget elementor-widget-text-editor\" data-id=\"3f6c62a\" data-element_type=\"widget\" data-settings=\"{&quot;_animation&quot;:&quot;fadeInUp&quot;,&quot;_animation_delay&quot;:600}\" data-widget_type=\"text-editor.default\">\n\t\t\t\t<div class=\"elementor-widget-container\">\n\t\t\t\t\t<div class=\"elementor-text-editor elementor-clearfix\"><p>\u0623\u0648 \u0639\u0646 \u0637\u0631\u064a\u0642 \u0645\u0644\u0621 \u0627\u0633\u062a\u0645\u0627\u0631\u0629 \u0627\u0644\u0627\u062a\u0635\u0627\u0644<\/p><\/div>\n\t\t\t\t<\/div>\n\t\t\t\t<\/div>\n\t\t\t\t<div class=\"elementor-element elementor-element-3021594 raven-form-button-align-center animated-slow elementor-invisible elementor-widget elementor-widget-raven-form\" data-id=\"3021594\" data-element_type=\"widget\" data-settings=\"{&quot;fields&quot;:[{&quot;label&quot;:&quot;Nom : &quot;,&quot;type&quot;:&quot;text&quot;,&quot;placeholder&quot;:&quot;&quot;,&quot;_id&quot;:&quot;e725ede&quot;,&quot;recaptcha_badge&quot;:null,&quot;recaptcha_theme&quot;:null,&quot;recaptcha_size&quot;:null,&quot;acceptance_text&quot;:null,&quot;localization&quot;:&quot;&quot;,&quot;field_options&quot;:null,&quot;inline_list&quot;:null,&quot;native_html5&quot;:null,&quot;multiple_selection&quot;:null,&quot;rows&quot;:null,&quot;required&quot;:&quot;&quot;,&quot;width&quot;:&quot;100&quot;,&quot;width_tablet&quot;:&quot;&quot;,&quot;width_mobile&quot;:&quot;&quot;,&quot;checked_by_default&quot;:null,&quot;min_time&quot;:null,&quot;max_time&quot;:null,&quot;min_date&quot;:null,&quot;max_date&quot;:null,&quot;min&quot;:null,&quot;max&quot;:null},{&quot;label&quot;:&quot;Pr\\u00e9nom :&quot;,&quot;type&quot;:&quot;text&quot;,&quot;placeholder&quot;:&quot;&quot;,&quot;recaptcha_badge&quot;:null,&quot;recaptcha_theme&quot;:null,&quot;recaptcha_size&quot;:null,&quot;acceptance_text&quot;:null,&quot;localization&quot;:&quot;&quot;,&quot;field_options&quot;:null,&quot;inline_list&quot;:null,&quot;native_html5&quot;:null,&quot;multiple_selection&quot;:null,&quot;rows&quot;:null,&quot;required&quot;:&quot;&quot;,&quot;width&quot;:&quot;100&quot;,&quot;width_tablet&quot;:&quot;&quot;,&quot;width_mobile&quot;:&quot;&quot;,&quot;_id&quot;:&quot;871fa35&quot;,&quot;checked_by_default&quot;:null,&quot;min_time&quot;:null,&quot;max_time&quot;:null,&quot;min_date&quot;:null,&quot;max_date&quot;:null,&quot;min&quot;:null,&quot;max&quot;:null},{&quot;label&quot;:&quot;E-mail :&quot;,&quot;type&quot;:&quot;email&quot;,&quot;placeholder&quot;:&quot;&quot;,&quot;required&quot;:&quot;true&quot;,&quot;_id&quot;:&quot;1f15a99&quot;,&quot;recaptcha_badge&quot;:null,&quot;recaptcha_theme&quot;:null,&quot;recaptcha_size&quot;:null,&quot;acceptance_text&quot;:null,&quot;field_options&quot;:null,&quot;inline_list&quot;:null,&quot;native_html5&quot;:null,&quot;multiple_selection&quot;:null,&quot;rows&quot;:null,&quot;width&quot;:&quot;100&quot;,&quot;width_tablet&quot;:&quot;&quot;,&quot;width_mobile&quot;:&quot;&quot;,&quot;checked_by_default&quot;:null,&quot;min_time&quot;:null,&quot;max_time&quot;:null,&quot;min_date&quot;:null,&quot;max_date&quot;:null,&quot;localization&quot;:&quot;&quot;,&quot;min&quot;:null,&quot;max&quot;:null},{&quot;label&quot;:&quot;Message :&quot;,&quot;type&quot;:&quot;textarea&quot;,&quot;placeholder&quot;:&quot;&quot;,&quot;_id&quot;:&quot;14e585d&quot;,&quot;recaptcha_badge&quot;:null,&quot;recaptcha_theme&quot;:null,&quot;recaptcha_size&quot;:null,&quot;acceptance_text&quot;:null,&quot;field_options&quot;:null,&quot;inline_list&quot;:null,&quot;native_html5&quot;:null,&quot;multiple_selection&quot;:null,&quot;rows&quot;:5,&quot;required&quot;:&quot;&quot;,&quot;width&quot;:&quot;100&quot;,&quot;width_tablet&quot;:&quot;&quot;,&quot;width_mobile&quot;:&quot;&quot;,&quot;checked_by_default&quot;:null,&quot;min_time&quot;:null,&quot;max_time&quot;:null,&quot;min_date&quot;:null,&quot;max_date&quot;:null,&quot;localization&quot;:&quot;&quot;,&quot;min&quot;:null,&quot;max&quot;:null}],&quot;_animation&quot;:&quot;fadeIn&quot;,&quot;_animation_delay&quot;:600}\" data-widget_type=\"raven-form.default\">\n\t\t\t\t<div class=\"elementor-widget-container\">\n\t\t\t\t\t<form class=\"raven-form raven-flex raven-flex-wrap raven-flex-bottom raven-hide-required-mark\" method=\"post\" name=\"New form\" action=\"\">\n\t\t\t<input type=\"hidden\" name=\"post_id\" value=\"619\" \/>\n\t\t\t<input type=\"hidden\" name=\"form_id\" value=\"3021594\" \/>\n\t\t\t\t\t<div id=\"raven-field-group-e725ede\" class=\"raven-flex-wrap raven-field-type-text raven-field-group elementor-column elementor-col-100\">\n\t\t\t\t\t<label\n\t\t\tfor=\"form-field-e725ede\"\n\t\t\tclass=\"raven-field-label\">\n\t\t\t\u0627\u0644\u0625\u0633\u0645: \t\t\t<\/label>\n\t\t\t\t<input\n\t\t\toninput=\"onInvalidRavenFormField(event)\"\n\t\t\toninvalid=\"onInvalidRavenFormField(event)\"\n\t\t\ttype=\"text\" name=\"fields[e725ede]\" id=\"form-field-e725ede\" class=\"raven-field\" placeholder=\"\" data-type=\"text\">\n\t\t\t\t<\/div>\n\t\t\t\t<div id=\"raven-field-group-871fa35\" class=\"raven-flex-wrap raven-field-type-text raven-field-group elementor-column elementor-col-100\">\n\t\t\t\t\t<label\n\t\t\tfor=\"form-field-871fa35\"\n\t\t\tclass=\"raven-field-label\">\n\t\t\t\u0627\u0644\u0644\u0642\u0628:\t\t\t<\/label>\n\t\t\t\t<input\n\t\t\toninput=\"onInvalidRavenFormField(event)\"\n\t\t\toninvalid=\"onInvalidRavenFormField(event)\"\n\t\t\ttype=\"text\" name=\"fields[871fa35]\" id=\"form-field-871fa35\" class=\"raven-field\" placeholder=\"\" data-type=\"text\">\n\t\t\t\t<\/div>\n\t\t\t\t<div id=\"raven-field-group-1f15a99\" class=\"raven-flex-wrap raven-field-type-email raven-field-group elementor-column elementor-col-100 raven-field-required\">\n\t\t\t\t\t<label\n\t\t\tfor=\"form-field-1f15a99\"\n\t\t\tclass=\"raven-field-label\">\n\t\t\t\u0627\u0644\u0628\u0631\u064a\u062f \u0627\u0644\u0625\u0644\u0643\u062a\u0631\u0648\u0646\u064a:\t\t\t<\/label>\n\t\t\t\t<input\n\t\t\toninput=\"onInvalidRavenFormField(event)\"\n\t\t\toninvalid=\"onInvalidRavenFormField(event)\"\n\t\t\ttype=\"email\" name=\"fields[1f15a99]\" id=\"form-field-1f15a99\" class=\"raven-field\" placeholder=\"\" data-type=\"email\" required=\"required\">\n\t\t\t\t<\/div>\n\t\t\t\t<div id=\"raven-field-group-14e585d\" class=\"raven-flex-wrap raven-field-type-textarea raven-field-group elementor-column elementor-col-100\">\n\t\t\t\t\t<label\n\t\t\tfor=\"form-field-14e585d\"\n\t\t\tclass=\"raven-field-label\">\n\t\t\t\u0627\u0644\u0631\u0633\u0627\u0644\u0629:\t\t\t<\/label>\n\t\t\t\t<textarea\n\t\t\toninput=\"onInvalidRavenFormField(event)\"\n\t\t\toninvalid=\"onInvalidRavenFormField(event)\"\n\t\t\ttype=\"textarea\" name=\"fields[14e585d]\" id=\"form-field-14e585d\" class=\"raven-field\" placeholder=\"\" data-type=\"textarea\"\t\t\trows=\"5\"><\/textarea>\n\t\t\t\t<\/div>\n\t\t\t\t\t<div class=\"raven-field-group raven-field-type-submit-button elementor-column elementor-col-20 justify\">\n\t\t\t\t<button type=\"submit\" class=\"raven-submit-button\">\n\t\t\t\t\t\t\t\t\t\t<span>\u0625\u0631\u0633\u0627\u0644<\/span>\n\t\t\t\t<\/button>\n\t\t\t<\/div>\n\t\t<input type=\"hidden\" name=\"trp-form-language\" value=\"ar\"\/><\/form>\n\n\t\t\t\t<\/div>\n\t\t\t\t<\/div>\n\t\t\t\t\t\t<\/div>\n\t\t\t<\/div>\n\t\t<\/div>\n\t\t\t\t\t\t<\/div>\n\t\t\t<\/div>\n\t\t<\/section>\n\t\t\t\t\t\t<\/div>\n\t\t\t<\/div>\n\t\t<\/div>","protected":false},"excerpt":{"rendered":"<p>Contactez-nous Pour toute question, n\u2019h\u00e9sitez pas \u00e0 contacter nos \u00e9quipes via les r\u00e9seaux sociaux Ou bien en renseignant le formulaire de contact Nom : Pr\u00e9nom : E-mail : Message : Envoyer<\/p>","protected":false},"author":1,"featured_media":0,"parent":0,"menu_order":0,"comment_status":"closed","ping_status":"closed","template":"elementor_header_footer","meta":[],"_links":{"self":[{"href":"http:\/\/backtoroots-b2r.com\/ar\/wp-json\/wp\/v2\/pages\/619"}],"collection":[{"href":"http:\/\/backtoroots-b2r.com\/ar\/wp-json\/wp\/v2\/pages"}],"about":[{"href":"http:\/\/backtoroots-b2r.com\/ar\/wp-json\/wp\/v2\/types\/page"}],"author":[{"embeddable":true,"href":"http:\/\/backtoroots-b2r.com\/ar\/wp-json\/wp\/v2\/users\/1"}],"replies":[{"embeddable":true,"href":"http:\/\/backtoroots-b2r.com\/ar\/wp-json\/wp\/v2\/comments?post=619"}],"version-history":[{"count":19,"href":"http:\/\/backtoroots-b2r.com\/ar\/wp-json\/wp\/v2\/pages\/619\/revisions"}],"predecessor-version":[{"id":2297,"href":"http:\/\/backtoroots-b2r.com\/ar\/wp-json\/wp\/v2\/pages\/619\/revisions\/2297"}],"wp:attachment":[{"href":"http:\/\/backtoroots-b2r.com\/ar\/wp-json\/wp\/v2\/media?parent=619"}],"curies":[{"name":"wp","href":"https:\/\/api.w.org\/{rel}","templated":true}]}}