{"id":664,"date":"2020-04-21T16:06:59","date_gmt":"2020-04-21T16:06:59","guid":{"rendered":"http:\/\/backtoroots-b2r.com\/?page_id=664"},"modified":"2020-10-29T10:45:46","modified_gmt":"2020-10-29T10:45:46","slug":"presentation","status":"publish","type":"page","link":"http:\/\/backtoroots-b2r.com\/ar\/presentation\/","title":{"rendered":"Pr\u00e9sentation"},"content":{"rendered":"<div data-elementor-type=\"wp-page\" data-elementor-id=\"664\" class=\"elementor elementor-664\" data-elementor-settings=\"[]\">\n\t\t\t<div class=\"elementor-inner\">\n\t\t\t\t<div class=\"elementor-section-wrap\">\n\t\t\t\t\t\t\t<section class=\"elementor-element elementor-element-b334981 elementor-section-boxed elementor-section-height-default elementor-section-height-default elementor-section elementor-top-section\" data-id=\"b334981\" data-element_type=\"section\">\n\t\t\t\t\t\t<div class=\"elementor-container elementor-column-gap-default\">\n\t\t\t\t<div class=\"elementor-row\">\n\t\t\t\t<div class=\"elementor-element elementor-element-0d545cb elementor-column elementor-col-100 elementor-top-column\" data-id=\"0d545cb\" data-element_type=\"column\">\n\t\t\t<div class=\"elementor-column-wrap  elementor-element-populated\">\n\t\t\t\t\t<div class=\"elementor-widget-wrap\">\n\t\t\t\t<div class=\"elementor-element elementor-element-091a3e0 animated-slow elementor-invisible elementor-widget elementor-widget-text-editor\" data-id=\"091a3e0\" data-element_type=\"widget\" data-settings=\"{&quot;_animation&quot;:&quot;fadeInUp&quot;}\" data-widget_type=\"text-editor.default\">\n\t\t\t\t<div class=\"elementor-widget-container\">\n\t\t\t\t\t<div class=\"elementor-text-editor elementor-clearfix\"><img loading=\"lazy\" class=\"alignleft wp-image-678 size-full img1\" src=\"http:\/\/backtoroots-b2r.com\/wp-content\/uploads\/2020\/04\/qualite\u0301-min.png\" alt=\"\" width=\"559\" height=\"281\" srcset=\"http:\/\/backtoroots-b2r.com\/wp-content\/uploads\/2020\/04\/qualite\u0301-min.png 559w, http:\/\/backtoroots-b2r.com\/wp-content\/uploads\/2020\/04\/qualite\u0301-min-300x151.png 300w\" sizes=\"(max-width: 559px) 100vw, 559px\" \/>\n<div style=\"color: #5a3a2a; font-weight: bold; font-size: 29px;\">\u0645\u0646\u062a\u062c\u0627\u062a \u0630\u0627\u062a \u062c\u0648\u062f\u0629 \u0639\u0627\u0644\u064a\u0629<\/div>\n\u0645\u0646\u062a\u0648\u062c\u0627\u062a \u00aeB2R \u0647\u064a \u0646\u062a\u064a\u062c\u0629 \u062e\u0628\u0631\u0629 \u0645\u062e\u0627\u0628\u0631 \u00ae\u0628\u064a\u0643\u0631 \u0648\u0647\u0630\u0627 \u0628\u0641\u0636\u0644 \u062a\u0637\u0648\u064a\u0631 \u0648\u062a\u0635\u0646\u064a\u0639 \u0645\u062d\u0644\u064a\u060c \u0645\u0648\u0627\u0641\u0642\u0627 \u0645\u0639 \u0627\u0644\u0645\u0639\u0627\u064a\u064a\u0631 \u0627\u0644\u0635\u064a\u062f\u0644\u0627\u0646\u064a\u0629 \u0648\u0627\u0644\u0639\u0644\u0645\u064a\u0629. \u062a\u0645\u062a \u062f\u0631\u0627\u0633\u0629 \u0646\u0633\u0628\u0629 \u0627\u0644\u0645\u0643\u0648\u0646\u0627\u062a \u0648\u0627\u0644\u062c\u0631\u0639\u0627\u062a \u0627\u0644\u064a\u0648\u0645\u064a\u0629 \u0628\u062f\u0642\u0629\u060c \u0628\u0647\u062f\u0641 \u0627\u0644\u062d\u0635\u0648\u0644 \u0639\u0644\u0649 \u0627\u0644\u062a\u0623\u062b\u064a\u0631 \u0627\u0644\u0639\u0644\u0627\u062c\u064a \u0627\u0644\u0645\u062a\u0648\u0642\u0639 \u0628\u0633\u0631\u0639\u0629.<\/div>\n\t\t\t\t<\/div>\n\t\t\t\t<\/div>\n\t\t\t\t\t\t<\/div>\n\t\t\t<\/div>\n\t\t<\/div>\n\t\t\t\t\t\t<\/div>\n\t\t\t<\/div>\n\t\t<\/section>\n\t\t\t\t<section class=\"elementor-element elementor-element-3056595 elementor-section-boxed elementor-section-height-default elementor-section-height-default elementor-invisible elementor-section elementor-top-section\" data-id=\"3056595\" data-element_type=\"section\" data-settings=\"{&quot;animation&quot;:&quot;fadeInUp&quot;,&quot;animation_delay&quot;:200}\">\n\t\t\t\t\t\t<div class=\"elementor-container elementor-column-gap-default\">\n\t\t\t\t<div class=\"elementor-row\">\n\t\t\t\t<div class=\"elementor-element elementor-element-b4ac58a elementor-column elementor-col-100 elementor-top-column\" data-id=\"b4ac58a\" data-element_type=\"column\">\n\t\t\t<div class=\"elementor-column-wrap  elementor-element-populated\">\n\t\t\t\t\t<div class=\"elementor-widget-wrap\">\n\t\t\t\t<div class=\"elementor-element elementor-element-302a276 elementor-widget elementor-widget-text-editor\" data-id=\"302a276\" data-element_type=\"widget\" data-widget_type=\"text-editor.default\">\n\t\t\t\t<div class=\"elementor-widget-container\">\n\t\t\t\t\t<div class=\"elementor-text-editor elementor-clearfix\"><img loading=\"lazy\" class=\"alignright wp-image-689 size-full img2\" src=\"http:\/\/backtoroots-b2r.com\/wp-content\/uploads\/2020\/04\/efficace-min-min.png\" alt=\"\" width=\"528\" height=\"306\" srcset=\"http:\/\/backtoroots-b2r.com\/wp-content\/uploads\/2020\/04\/efficace-min-min.png 528w, http:\/\/backtoroots-b2r.com\/wp-content\/uploads\/2020\/04\/efficace-min-min-300x174.png 300w\" sizes=\"(max-width: 528px) 100vw, 528px\" \/>\n<div style=\"color: #5a3a2a; font-weight: bold; font-size: 29px;\">\u0645\u0646\u062a\u062c\u0627\u062a \u0641\u0639\u0627\u0644\u0629<\/div>\nLes produits B2R\u00ae sont 100% naturels et sans OGM.\nLa composition de nos produits est d\u2019origine v\u00e9g\u00e9tale ou\nbien marine. Nos actifs ont \u00e9t\u00e9 soigneusement s\u00e9lectionn\u00e9s\npuis associ\u00e9s selon une compl\u00e9mentarit\u00e9 et une\nsynergie d\u2019action et ce dans le but d\u2019apporter confort\net bien-\u00eatre au quotidien.<\/div>\n\t\t\t\t<\/div>\n\t\t\t\t<\/div>\n\t\t\t\t\t\t<\/div>\n\t\t\t<\/div>\n\t\t<\/div>\n\t\t\t\t\t\t<\/div>\n\t\t\t<\/div>\n\t\t<\/section>\n\t\t\t\t<section class=\"elementor-element elementor-element-3e4c880 animated-slow elementor-section-boxed elementor-section-height-default elementor-section-height-default elementor-invisible elementor-section elementor-top-section\" data-id=\"3e4c880\" data-element_type=\"section\" data-settings=\"{&quot;animation&quot;:&quot;fadeInUp&quot;,&quot;animation_delay&quot;:400}\">\n\t\t\t\t\t\t<div class=\"elementor-container elementor-column-gap-default\">\n\t\t\t\t<div class=\"elementor-row\">\n\t\t\t\t<div class=\"elementor-element elementor-element-84dcd35 elementor-column elementor-col-100 elementor-top-column\" data-id=\"84dcd35\" data-element_type=\"column\">\n\t\t\t<div class=\"elementor-column-wrap  elementor-element-populated\">\n\t\t\t\t\t<div class=\"elementor-widget-wrap\">\n\t\t\t\t<div class=\"elementor-element elementor-element-e9124ea elementor-widget elementor-widget-text-editor\" data-id=\"e9124ea\" data-element_type=\"widget\" data-widget_type=\"text-editor.default\">\n\t\t\t\t<div class=\"elementor-widget-container\">\n\t\t\t\t\t<div class=\"elementor-text-editor elementor-clearfix\"><img loading=\"lazy\" class=\"alignleft wp-image-701 size-full img3\" src=\"http:\/\/b2rbeta.qarth.net\/wp-content\/uploads\/2020\/04\/diversite\u0301-min.png\" alt=\"\" width=\"531\" height=\"391\" srcset=\"http:\/\/backtoroots-b2r.com\/wp-content\/uploads\/2020\/04\/diversite\u0301-min.png 531w, http:\/\/backtoroots-b2r.com\/wp-content\/uploads\/2020\/04\/diversite\u0301-min-300x221.png 300w\" sizes=\"(max-width: 531px) 100vw, 531px\" \/>\n<div style=\"color: #5a3a2a; font-weight: bold; font-size: 29px;\"><br><br><br><br><br>\u0645\u062c\u0645\u0648\u0639\u0629 \u0648\u0627\u0633\u0639\u0629 \u0648\u0645\u062a\u0646\u0648\u0639\u0629<\/div>\n\u00aeB2R \u0647\u064a \u0645\u062c\u0645\u0648\u0639\u0629 \u0648\u0627\u0633\u0639\u0629 \u0648\u0645\u062a\u0646\u0648\u0639\u0629 \u0645\u0646 \u0627\u0644\u0645\u0643\u0645\u0644\u0627\u062a \u0627\u0644\u063a\u0630\u0627\u0626\u064a\u0629 \u0627\u0644\u062a\u064a \u062a\u0636\u0645 12 \u0645\u0646\u062a\u0648\u062c \u0648 \u062a\u063a\u0637\u064a \u0639\u062f\u0629 \u0645\u062c\u0627\u0644\u0627\u062a \u0639\u0644\u0627\u062c\u064a\u0629. \u0645\u0646\u062a\u062c\u0627\u062a \u00aeB2R \u0639\u0628\u0627\u0631\u0629 \u0639\u0646 \u0639\u0644\u0628 \u062a\u062d\u062a\u0648\u064a \u0639\u0644\u0649 60 \u0643\u0628\u0633\u0648\u0644\u0629 \u0630\u0627\u062a \u062d\u062c\u0645 \u0635\u063a\u064a\u0631 \u0648\u0633\u0647\u0644 \u0644\u0644\u0625\u0645\u062a\u0635\u0627\u0635.<\/div>\n\t\t\t\t<\/div>\n\t\t\t\t<\/div>\n\t\t\t\t\t\t<\/div>\n\t\t\t<\/div>\n\t\t<\/div>\n\t\t\t\t\t\t<\/div>\n\t\t\t<\/div>\n\t\t<\/section>\n\t\t\t\t<section class=\"elementor-element elementor-element-0835a41 elementor-section-boxed elementor-section-height-default elementor-section-height-default elementor-section elementor-top-section\" data-id=\"0835a41\" data-element_type=\"section\">\n\t\t\t\t\t\t<div class=\"elementor-container elementor-column-gap-default\">\n\t\t\t\t<div class=\"elementor-row\">\n\t\t\t\t<div class=\"elementor-element elementor-element-14dd008 elementor-column elementor-col-25 elementor-top-column\" data-id=\"14dd008\" data-element_type=\"column\">\n\t\t\t<div class=\"elementor-column-wrap  elementor-element-populated\">\n\t\t\t\t\t<div class=\"elementor-widget-wrap\">\n\t\t\t\t<div class=\"elementor-element elementor-element-dec02c1 elementor-widget elementor-widget-image\" data-id=\"dec02c1\" data-element_type=\"widget\" data-widget_type=\"image.default\">\n\t\t\t\t<div class=\"elementor-widget-container\">\n\t\t\t\t\t<div class=\"elementor-image\">\n\t\t\t\t\t\t\t\t\t\t<img width=\"113\" height=\"113\" src=\"http:\/\/backtoroots-b2r.com\/wp-content\/uploads\/2020\/04\/1.svg\" class=\"attachment-large size-large\" alt=\"\" loading=\"lazy\" \/>\t\t\t\t\t\t\t\t\t\t\t<\/div>\n\t\t\t\t<\/div>\n\t\t\t\t<\/div>\n\t\t\t\t<div class=\"elementor-element elementor-element-740ecd5 elementor-widget elementor-widget-heading\" data-id=\"740ecd5\" data-element_type=\"widget\" data-widget_type=\"heading.default\">\n\t\t\t\t<div class=\"elementor-widget-container\">\n\t\t\t<h2 class=\"elementor-heading-title elementor-size-default\">\u0645\u0643\u0648\u0646\u0627\u062a<br>\n\u066a  100 \u0637\u0628\u064a\u0639\u064a\u0629<\/h2>\t\t<\/div>\n\t\t\t\t<\/div>\n\t\t\t\t\t\t<\/div>\n\t\t\t<\/div>\n\t\t<\/div>\n\t\t\t\t<div class=\"elementor-element elementor-element-ecfac0c elementor-column elementor-col-25 elementor-top-column\" data-id=\"ecfac0c\" data-element_type=\"column\">\n\t\t\t<div class=\"elementor-column-wrap  elementor-element-populated\">\n\t\t\t\t\t<div class=\"elementor-widget-wrap\">\n\t\t\t\t<div class=\"elementor-element elementor-element-f03d0fb elementor-widget elementor-widget-image\" data-id=\"f03d0fb\" data-element_type=\"widget\" data-widget_type=\"image.default\">\n\t\t\t\t<div class=\"elementor-widget-container\">\n\t\t\t\t\t<div class=\"elementor-image\">\n\t\t\t\t\t\t\t\t\t\t<img width=\"113\" height=\"113\" src=\"http:\/\/backtoroots-b2r.com\/wp-content\/uploads\/2020\/04\/2.svg\" class=\"attachment-large size-large\" alt=\"\" loading=\"lazy\" \/>\t\t\t\t\t\t\t\t\t\t\t<\/div>\n\t\t\t\t<\/div>\n\t\t\t\t<\/div>\n\t\t\t\t<div class=\"elementor-element elementor-element-6a1996e elementor-widget elementor-widget-heading\" data-id=\"6a1996e\" data-element_type=\"widget\" data-widget_type=\"heading.default\">\n\t\t\t\t<div class=\"elementor-widget-container\">\n\t\t\t<h2 class=\"elementor-heading-title elementor-size-default\">\u062f\u0648\u0646 \u0643\u0627\u0626\u0646\u0627\u062a<br>\n\u0645\u0639\u062f\u0644\u0629 \u0648\u0631\u0627\u062b\u064a\u064b\u0627<\/h2>\t\t<\/div>\n\t\t\t\t<\/div>\n\t\t\t\t\t\t<\/div>\n\t\t\t<\/div>\n\t\t<\/div>\n\t\t\t\t<div class=\"elementor-element elementor-element-0062964 elementor-column elementor-col-25 elementor-top-column\" data-id=\"0062964\" data-element_type=\"column\">\n\t\t\t<div class=\"elementor-column-wrap  elementor-element-populated\">\n\t\t\t\t\t<div class=\"elementor-widget-wrap\">\n\t\t\t\t<div class=\"elementor-element elementor-element-5ba57e2 elementor-widget elementor-widget-image\" data-id=\"5ba57e2\" data-element_type=\"widget\" data-widget_type=\"image.default\">\n\t\t\t\t<div class=\"elementor-widget-container\">\n\t\t\t\t\t<div class=\"elementor-image\">\n\t\t\t\t\t\t\t\t\t\t<img width=\"113\" height=\"113\" src=\"http:\/\/backtoroots-b2r.com\/wp-content\/uploads\/2020\/04\/3.svg\" class=\"attachment-large size-large\" alt=\"\" loading=\"lazy\" \/>\t\t\t\t\t\t\t\t\t\t\t<\/div>\n\t\t\t\t<\/div>\n\t\t\t\t<\/div>\n\t\t\t\t<div class=\"elementor-element elementor-element-492e522 elementor-widget elementor-widget-heading\" data-id=\"492e522\" data-element_type=\"widget\" data-widget_type=\"heading.default\">\n\t\t\t\t<div class=\"elementor-widget-container\">\n\t\t\t<h2 class=\"elementor-heading-title elementor-size-default\">\u0625\u062d\u062a\u0631\u0627\u0645 \u0645\u0645\u0627\u0631\u0633\u0627\u062a \u0627\u0644\u062a\u0635\u0646\u064a\u0639 \u0627\u0644\u062c\u064a\u062f\u0629<\/h2>\t\t<\/div>\n\t\t\t\t<\/div>\n\t\t\t\t\t\t<\/div>\n\t\t\t<\/div>\n\t\t<\/div>\n\t\t\t\t<div class=\"elementor-element elementor-element-850dc58 elementor-column elementor-col-25 elementor-top-column\" data-id=\"850dc58\" data-element_type=\"column\">\n\t\t\t<div class=\"elementor-column-wrap  elementor-element-populated\">\n\t\t\t\t\t<div class=\"elementor-widget-wrap\">\n\t\t\t\t<div class=\"elementor-element elementor-element-e5b80ed elementor-widget elementor-widget-image\" data-id=\"e5b80ed\" data-element_type=\"widget\" data-widget_type=\"image.default\">\n\t\t\t\t<div class=\"elementor-widget-container\">\n\t\t\t\t\t<div class=\"elementor-image\">\n\t\t\t\t\t\t\t\t\t\t<img width=\"113\" height=\"113\" src=\"http:\/\/backtoroots-b2r.com\/wp-content\/uploads\/2020\/04\/5.svg\" class=\"attachment-large size-large\" alt=\"\" loading=\"lazy\" \/>\t\t\t\t\t\t\t\t\t\t\t<\/div>\n\t\t\t\t<\/div>\n\t\t\t\t<\/div>\n\t\t\t\t<div class=\"elementor-element elementor-element-244d4e8 elementor-widget elementor-widget-heading\" data-id=\"244d4e8\" data-element_type=\"widget\" data-widget_type=\"heading.default\">\n\t\t\t\t<div class=\"elementor-widget-container\">\n\t\t\t<h2 class=\"elementor-heading-title elementor-size-default\">\u062a\u0635\u0646\u064a\u0639 \u0648\u0641\u0642\u0627<br>\n\u0644\u0644\u0645\u0639\u0627\u064a\u064a\u0631 \u0627\u0644\u0639\u0644\u0645\u064a\u0629 <\/h2>\t\t<\/div>\n\t\t\t\t<\/div>\n\t\t\t\t\t\t<\/div>\n\t\t\t<\/div>\n\t\t<\/div>\n\t\t\t\t\t\t<\/div>\n\t\t\t<\/div>\n\t\t<\/section>\n\t\t\t\t<section class=\"elementor-element elementor-element-af02cb7 elementor-section-boxed elementor-section-height-default elementor-section-height-default elementor-section elementor-top-section\" data-id=\"af02cb7\" data-element_type=\"section\">\n\t\t\t\t\t\t<div class=\"elementor-container elementor-column-gap-default\">\n\t\t\t\t<div class=\"elementor-row\">\n\t\t\t\t<div class=\"elementor-element elementor-element-8fed501 elementor-column elementor-col-100 elementor-top-column\" data-id=\"8fed501\" data-element_type=\"column\">\n\t\t\t<div class=\"elementor-column-wrap  elementor-element-populated\">\n\t\t\t\t\t<div class=\"elementor-widget-wrap\">\n\t\t\t\t<div class=\"elementor-element elementor-element-e9c5d8d elementor-widget elementor-widget-text-editor\" data-id=\"e9c5d8d\" data-element_type=\"widget\" data-widget_type=\"text-editor.default\">\n\t\t\t\t<div class=\"elementor-widget-container\">\n\t\t\t\t\t<div class=\"elementor-text-editor elementor-clearfix\"><p>\u0625\u0643\u062a\u0634\u0641\u0648\u0627 \u0645\u062c\u0645\u0648\u0639\u0629 \u0645\u0646\u062a\u062c\u0627\u062a\u0646\u0627<\/p><\/div>\n\t\t\t\t<\/div>\n\t\t\t\t<\/div>\n\t\t\t\t<div class=\"elementor-element elementor-element-8916a2a elementor-widget elementor-widget-image\" data-id=\"8916a2a\" data-element_type=\"widget\" data-widget_type=\"image.default\">\n\t\t\t\t<div class=\"elementor-widget-container\">\n\t\t\t\t\t<div class=\"elementor-image\">\n\t\t\t\t\t\t\t\t\t\t<img width=\"994\" height=\"232\" src=\"http:\/\/backtoroots-b2r.com\/wp-content\/uploads\/2020\/10\/Gamme-AR-min.png\" class=\"attachment-large size-large\" alt=\"\" loading=\"lazy\" srcset=\"http:\/\/backtoroots-b2r.com\/wp-content\/uploads\/2020\/10\/Gamme-AR-min.png 2078w, http:\/\/backtoroots-b2r.com\/wp-content\/uploads\/2020\/10\/Gamme-AR-min-300x70.png 300w, http:\/\/backtoroots-b2r.com\/wp-content\/uploads\/2020\/10\/Gamme-AR-min-1024x239.png 1024w, http:\/\/backtoroots-b2r.com\/wp-content\/uploads\/2020\/10\/Gamme-AR-min-768x180.png 768w, http:\/\/backtoroots-b2r.com\/wp-content\/uploads\/2020\/10\/Gamme-AR-min-1536x359.png 1536w, http:\/\/backtoroots-b2r.com\/wp-content\/uploads\/2020\/10\/Gamme-AR-min-2048x479.png 2048w, http:\/\/backtoroots-b2r.com\/wp-content\/uploads\/2020\/10\/Gamme-AR-min-600x140.png 600w\" sizes=\"(max-width: 994px) 100vw, 994px\" \/>\t\t\t\t\t\t\t\t\t\t\t<\/div>\n\t\t\t\t<\/div>\n\t\t\t\t<\/div>\n\t\t\t\t\t\t<\/div>\n\t\t\t<\/div>\n\t\t<\/div>\n\t\t\t\t\t\t<\/div>\n\t\t\t<\/div>\n\t\t<\/section>\n\t\t\t\t\t\t<\/div>\n\t\t\t<\/div>\n\t\t<\/div>","protected":false},"excerpt":{"rendered":"<p>DES PRODUITS DE QUALIT\u00c9 Les formules B2R\u00ae sont le fruit du savoir-faire des Laboratoires Beker\u00ae. Une fabrication et un d\u00e9veloppement local, dans le respect des normes pharmaceutiques et scientifques. Les dosages et posologies ont \u00e9t\u00e9 \u00e9tudi\u00e9s dans l\u2019optique d\u2019atteindre rapidement l\u2019effet th\u00e9rapeutique escompt\u00e9. DES FORMULES EFFICACES Les produits B2R\u00ae sont 100% naturels et sans OGM. [&hellip;]<\/p>","protected":false},"author":1,"featured_media":0,"parent":0,"menu_order":0,"comment_status":"closed","ping_status":"closed","template":"elementor_header_footer","meta":[],"_links":{"self":[{"href":"http:\/\/backtoroots-b2r.com\/ar\/wp-json\/wp\/v2\/pages\/664"}],"collection":[{"href":"http:\/\/backtoroots-b2r.com\/ar\/wp-json\/wp\/v2\/pages"}],"about":[{"href":"http:\/\/backtoroots-b2r.com\/ar\/wp-json\/wp\/v2\/types\/page"}],"author":[{"embeddable":true,"href":"http:\/\/backtoroots-b2r.com\/ar\/wp-json\/wp\/v2\/users\/1"}],"replies":[{"embeddable":true,"href":"http:\/\/backtoroots-b2r.com\/ar\/wp-json\/wp\/v2\/comments?post=664"}],"version-history":[{"count":39,"href":"http:\/\/backtoroots-b2r.com\/ar\/wp-json\/wp\/v2\/pages\/664\/revisions"}],"predecessor-version":[{"id":2503,"href":"http:\/\/backtoroots-b2r.com\/ar\/wp-json\/wp\/v2\/pages\/664\/revisions\/2503"}],"wp:attachment":[{"href":"http:\/\/backtoroots-b2r.com\/ar\/wp-json\/wp\/v2\/media?parent=664"}],"curies":[{"name":"wp","href":"https:\/\/api.w.org\/{rel}","templated":true}]}}